{"id":72,"date":"2025-06-21T12:30:54","date_gmt":"2025-06-21T10:30:54","guid":{"rendered":"https:\/\/klementewiczdevelopment.com\/?page_id=72"},"modified":"2025-06-21T12:30:54","modified_gmt":"2025-06-21T10:30:54","slug":"school-brother","status":"publish","type":"page","link":"https:\/\/klementewiczdevelopment.com\/index.php\/school-brother\/","title":{"rendered":"School Brother"},"content":{"rendered":"\n<p>School Brother es una aplicaci\u00f3n educativa gratuita que te ayuda a resolver ejercicios de matem\u00e1ticas, f\u00edsica y qu\u00edmica paso a paso.<br>Ideal para tareas, ex\u00e1menes y estudio diario.<\/p>\n\n\n\n<p>\ud83d\udc47 Desc\u00e1rgala gratis \ud83d\udc47<\/p>\n\n\n\n<figure class=\"wp-block-image is-resized\"><a href=\"https:\/\/play.google.com\/store\/apps\/details?id=pl.waxer.pomocniczek\"><img decoding=\"async\" src=\"https:\/\/assets.stickpng.com\/images\/5a902dbf7f96951c82922875.png\" alt=\"Google Play Badge\" style=\"width:361px;height:auto\"\/><\/a><\/figure>\n\n\n\n<figure class=\"wp-block-image is-resized\"><a href=\"https:\/\/apps.apple.com\/pl\/app\/school-brother\/id1546412142\"><img decoding=\"async\" src=\"https:\/\/assets.stickpng.com\/images\/5a902db97f96951c82922874.png\" alt=\"Download on the App Store Badge\" style=\"width:331px;height:auto\"\/><\/a><\/figure>\n","protected":false},"excerpt":{"rendered":"<p>School Brother es una aplicaci\u00f3n educativa gratuita que te ayuda a resolver ejercicios de matem\u00e1ticas, f\u00edsica y qu\u00edmica paso a paso.Ideal para tareas, ex\u00e1menes y estudio diario. \ud83d\udc47 Desc\u00e1rgala gratis \ud83d\udc47<\/p>\n","protected":false},"author":1,"featured_media":0,"parent":0,"menu_order":0,"comment_status":"closed","ping_status":"closed","template":"","meta":{"footnotes":""},"class_list":["post-72","page","type-page","status-publish","hentry"],"_links":{"self":[{"href":"https:\/\/klementewiczdevelopment.com\/index.php\/wp-json\/wp\/v2\/pages\/72","targetHints":{"allow":["GET"]}}],"collection":[{"href":"https:\/\/klementewiczdevelopment.com\/index.php\/wp-json\/wp\/v2\/pages"}],"about":[{"href":"https:\/\/klementewiczdevelopment.com\/index.php\/wp-json\/wp\/v2\/types\/page"}],"author":[{"embeddable":true,"href":"https:\/\/klementewiczdevelopment.com\/index.php\/wp-json\/wp\/v2\/users\/1"}],"replies":[{"embeddable":true,"href":"https:\/\/klementewiczdevelopment.com\/index.php\/wp-json\/wp\/v2\/comments?post=72"}],"version-history":[{"count":0,"href":"https:\/\/klementewiczdevelopment.com\/index.php\/wp-json\/wp\/v2\/pages\/72\/revisions"}],"wp:attachment":[{"href":"https:\/\/klementewiczdevelopment.com\/index.php\/wp-json\/wp\/v2\/media?parent=72"}],"curies":[{"name":"wp","href":"https:\/\/api.w.org\/{rel}","templated":true}]}}